{"id":142,"date":"2022-12-12T21:07:17","date_gmt":"2022-12-12T21:07:17","guid":{"rendered":"https:\/\/gft-spiegl.com\/?page_id=142"},"modified":"2023-07-25T19:23:27","modified_gmt":"2023-07-25T19:23:27","slug":"impressum","status":"publish","type":"page","link":"https:\/\/gft-spiegl.com\/?page_id=142","title":{"rendered":"Impressum"},"content":{"rendered":"\t\t<div data-elementor-type=\"wp-page\" data-elementor-id=\"142\" class=\"elementor elementor-142\" data-elementor-post-type=\"page\">\n\t\t\t\t\t\t<section class=\"elementor-section elementor-top-section elementor-element elementor-element-d73718d elementor-section-boxed elementor-section-height-default elementor-section-height-default\" data-id=\"d73718d\" data-element_type=\"section\" data-e-type=\"section\">\n\t\t\t\t\t\t<div class=\"elementor-container elementor-column-gap-default\">\n\t\t\t\t\t<div class=\"elementor-column elementor-col-100 elementor-top-column elementor-element elementor-element-45422ac\" data-id=\"45422ac\" data-element_type=\"column\" data-e-type=\"column\">\n\t\t\t<div class=\"elementor-widget-wrap elementor-element-populated\">\n\t\t\t\t\t\t<div class=\"elementor-element elementor-element-e5f44b6 elementor-widget elementor-widget-spacer\" data-id=\"e5f44b6\" data-element_type=\"widget\" data-e-type=\"widget\" data-widget_type=\"spacer.default\">\n\t\t\t\t\t\t\t<div class=\"elementor-spacer\">\n\t\t\t<div class=\"elementor-spacer-inner\"><\/div>\n\t\t<\/div>\n\t\t\t\t\t\t<\/div>\n\t\t\t\t<div class=\"elementor-element elementor-element-046f6f2 elementor-widget elementor-widget-text-editor\" data-id=\"046f6f2\" data-element_type=\"widget\" data-e-type=\"widget\" data-widget_type=\"text-editor.default\">\n\t\t\t\t\t\t\t\t\t<h3><span class=\"\\&quot;elementor-heading-title\" data-elementor-setting-key=\"\\&quot;title\\&quot;\" data-pen-placeholder=\"\\&quot;Eingabe\">Angaben <b>gem\u00e4\u00df<\/b> \u00a7 5 TG<\/span><\/h3><p><span class=\"\\&quot;elementor-heading-title\" data-elementor-setting-key=\"\\&quot;title\\&quot;\" data-pen-placeholder=\"\\&quot;Eingabe\"><br \/>GFT Spiegl GmbH<br \/>R\u00f6merstrasse 5<br \/>D-83527 Kirchdorf<br \/><span data-elementor-setting-key=\"\\&quot;title\\&quot;\"><br \/>Handelsregister: HRB 31515<\/span><br \/><\/span><\/p><div>Registergericht: Amtsgericht Traunstein<\/div><div>Vertreten durch:<\/div><div><p>Gesch\u00e4ftsf\u00fchrer Sebastian Spiegl<\/p><h3>Kontakt:<\/h3><\/div><div>Telefon: +49 8072 8660<\/div><div>Telefax: +49 8072 1397<br \/>E-Mail: office@gft-spiegl.de<\/div><div>\u00a0<\/div><h3>Umsatzsteuer-Identifikationsnummer gem\u00e4\u00df \u00a727 a Umsatzsteuergesetz:<\/h3><div>DE 357 907 909<\/div><div>\u00a0<\/div><h3>Aufsichtsbeh\u00f6rde:<\/h3><div>Handwerkskammer f\u00fcr M\u00fcnchen und Oberbayern<\/div><div>Max-Josef-Stra\u00dfe 4<\/div><div>80333 M\u00fcnchen<\/div><div>www.hwk-muenchen.de<\/div><div>\u00a0<\/div><div><h3>Angaben zur Berufshaftpflichtversicherung<\/h3><div>Name und Sitz des Versicherers:<\/div><div>Allianz Deutschland AG<\/div><div>K\u00f6niginstra\u00dfe 28<\/div><div>80802 M\u00fcnchen<\/div><div>www.allianz.de<\/div><div>\u00a0<\/div><div>Geltungsraum der Versicherung: Deutschland<\/div><div>\u00a0<\/div><div>\u00a0<\/div><h3>Verantwortlich f\u00fcr den Inhalt nach \u00a7 55 Abs. 2 RStV<\/h3><div>Sebastian Spiegl<\/div><div>GFT Spiegl GmbH<\/div><div>R\u00f6merstrasse 5<\/div><div>D-83527 Kirchdorf<\/div><\/div>\t\t\t\t\t\t\t\t<\/div>\n\t\t\t\t\t<\/div>\n\t\t<\/div>\n\t\t\t\t\t<\/div>\n\t\t<\/section>\n\t\t\t\t<\/div>\n\t\t","protected":false},"excerpt":{"rendered":"<p>Angaben gem\u00e4\u00df \u00a7 5 TG GFT Spiegl GmbHR\u00f6merstrasse 5D-83527 Kirchdorf Handelsregister: HRB 31515 Registergericht: Amtsgericht TraunsteinVertreten durch: Gesch\u00e4ftsf\u00fchrer Sebastian Spiegl Kontakt: Telefon: +49 8072 8660Telefax: +49 8072 1397E-Mail: office@gft-spiegl.de\u00a0 Umsatzsteuer-Identifikationsnummer gem\u00e4\u00df \u00a727 a Umsatzsteuergesetz: DE 357 907 909\u00a0 Aufsichtsbeh\u00f6rde: Handwerkskammer f\u00fcr M\u00fcnchen und OberbayernMax-Josef-Stra\u00dfe 480333 M\u00fcnchenwww.hwk-muenchen.de\u00a0 Angaben zur Berufshaftpflichtversicherung Name und Sitz des Versicherers:Allianz Deutschland [&hellip;]<\/p>\n","protected":false},"author":1,"featured_media":0,"parent":0,"menu_order":5,"comment_status":"closed","ping_status":"closed","template":"elementor_header_footer","meta":{"footnotes":""},"class_list":["post-142","page","type-page","status-publish","hentry"],"_links":{"self":[{"href":"https:\/\/gft-spiegl.com\/index.php?rest_route=\/wp\/v2\/pages\/142","targetHints":{"allow":["GET"]}}],"collection":[{"href":"https:\/\/gft-spiegl.com\/index.php?rest_route=\/wp\/v2\/pages"}],"about":[{"href":"https:\/\/gft-spiegl.com\/index.php?rest_route=\/wp\/v2\/types\/page"}],"author":[{"embeddable":true,"href":"https:\/\/gft-spiegl.com\/index.php?rest_route=\/wp\/v2\/users\/1"}],"replies":[{"embeddable":true,"href":"https:\/\/gft-spiegl.com\/index.php?rest_route=%2Fwp%2Fv2%2Fcomments&post=142"}],"version-history":[{"count":24,"href":"https:\/\/gft-spiegl.com\/index.php?rest_route=\/wp\/v2\/pages\/142\/revisions"}],"predecessor-version":[{"id":1128,"href":"https:\/\/gft-spiegl.com\/index.php?rest_route=\/wp\/v2\/pages\/142\/revisions\/1128"}],"wp:attachment":[{"href":"https:\/\/gft-spiegl.com\/index.php?rest_route=%2Fwp%2Fv2%2Fmedia&parent=142"}],"curies":[{"name":"wp","href":"https:\/\/api.w.org\/{rel}","templated":true}]}}